{"id":15,"date":"2020-01-20T11:27:30","date_gmt":"2020-01-20T11:27:30","guid":{"rendered":"http:\/\/greatfeelings.net\/?page_id=15"},"modified":"2026-04-14T15:13:37","modified_gmt":"2026-04-14T15:13:37","slug":"yhteystiedot","status":"publish","type":"page","link":"http:\/\/greatfeelings.net\/index.php\/yhteystiedot\/","title":{"rendered":"Yhteystiedot"},"content":{"rendered":"\n<p class=\"has-text-align-center\">Ota yhteytt\u00e4: <\/p>\n\n\n\n<p class=\"has-text-align-center\">greatfeelings.net@gmail.com<\/p>\n\n\n\n<p><\/p>\n\n\n\n<p class=\"has-text-align-center\">Hyvinvointipalvelujen vastaanotto sijaitsee Kangasalla Suoramalla. My\u00f6s et\u00e4tapaaminen on mahdollista.<\/p>\n\n\n\n<p class=\"has-text-align-center\"><\/p>\n\n\n\n<p class=\"has-text-align-center has-subtle-background-background-color has-background\"><\/p>\n\n\n\n<p><\/p>\n\n\n\n<p><\/p>\n","protected":false},"excerpt":{"rendered":"<p>Ota yhteytt\u00e4: greatfeelings.net@gmail.com Hyvinvointipalvelujen vastaanotto sijaitsee Kangasalla Suoramalla. My\u00f6s et\u00e4tapaaminen on mahdollista.<\/p>\n","protected":false},"author":1,"featured_media":0,"parent":0,"menu_order":0,"comment_status":"closed","ping_status":"open","template":"","meta":{"footnotes":""},"class_list":["post-15","page","type-page","status-publish","hentry"],"aioseo_notices":[],"_links":{"self":[{"href":"http:\/\/greatfeelings.net\/index.php\/wp-json\/wp\/v2\/pages\/15","targetHints":{"allow":["GET"]}}],"collection":[{"href":"http:\/\/greatfeelings.net\/index.php\/wp-json\/wp\/v2\/pages"}],"about":[{"href":"http:\/\/greatfeelings.net\/index.php\/wp-json\/wp\/v2\/types\/page"}],"author":[{"embeddable":true,"href":"http:\/\/greatfeelings.net\/index.php\/wp-json\/wp\/v2\/users\/1"}],"replies":[{"embeddable":true,"href":"http:\/\/greatfeelings.net\/index.php\/wp-json\/wp\/v2\/comments?post=15"}],"version-history":[{"count":12,"href":"http:\/\/greatfeelings.net\/index.php\/wp-json\/wp\/v2\/pages\/15\/revisions"}],"predecessor-version":[{"id":45962,"href":"http:\/\/greatfeelings.net\/index.php\/wp-json\/wp\/v2\/pages\/15\/revisions\/45962"}],"wp:attachment":[{"href":"http:\/\/greatfeelings.net\/index.php\/wp-json\/wp\/v2\/media?parent=15"}],"curies":[{"name":"wp","href":"https:\/\/api.w.org\/{rel}","templated":true}]}}