{"id":45873,"date":"2025-09-17T16:25:14","date_gmt":"2025-09-17T16:25:14","guid":{"rendered":"http:\/\/greatfeelings.net\/?page_id=45873"},"modified":"2026-04-14T15:03:54","modified_gmt":"2026-04-14T15:03:54","slug":"seksuaalineuvonta","status":"publish","type":"page","link":"http:\/\/greatfeelings.net\/index.php\/seksuaalineuvonta\/","title":{"rendered":"Seksuaalineuvonta"},"content":{"rendered":"\n<p>Tervetuloa seksologin (Seksologia I-taso, Jyv\u00e4skyl\u00e4n kes\u00e4yliopisto, 30 op) vastaanotolle keskustelemaan seksuaalisuuteen liittyvist\u00e4 asioista. Ne voivat olla huolenpitoa ennaltaehk\u00e4isev\u00e4ss\u00e4 mieless\u00e4 ilman varsinaisia ongelmia tai seksuaalisuuteen liittyvien haasteiden l\u00e4pik\u00e4ynti\u00e4 ja ratkaisua. <\/p>\n\n\n\n<p><\/p>\n\n\n\n<p><strong>Neuvonnan teemoja voivat olla mm.&nbsp;<\/strong><\/p>\n\n\n\n<ul class=\"wp-block-list\">\n<li class=\"has-small-font-size\">itsetunto<\/li>\n\n\n\n<li class=\"has-small-font-size\">kehonkuva<\/li>\n\n\n\n<li class=\"has-small-font-size\">haluttomuus, halujen eriparisuus<\/li>\n\n\n\n<li class=\"has-small-font-size\">seksuaali-identiteetti<\/li>\n\n\n\n<li class=\"has-small-font-size\">toiminnalliset h\u00e4iri\u00f6t, esim. kiihottumisvaikeudet, orgasmihaasteet, erektio- ja siemensy\u00f6ksyh\u00e4iri\u00f6t, yhdynt\u00e4kivut<\/li>\n\n\n\n<li class=\"has-small-font-size\">eri el\u00e4m\u00e4ntilanteiden vaikutukset seksuaalisuuteen, esim. raskauden ja lapsiperhearjen tuomat muutokset, suhteen alkaminen tai p\u00e4\u00e4ttyminen<\/li>\n\n\n\n<li class=\"has-small-font-size\">suhteen avaaminen<\/li>\n\n\n\n<li class=\"has-small-font-size\">pari- tai moniskunnan toiveista ja&nbsp; tarpeista keskustelu tunteisiin, l\u00e4heisyyteen ja seksuaalisuuteen liittyen<\/li>\n\n\n\n<li class=\"has-small-font-size\">muutokset seksuaalisuudessa esim. ik\u00e4\u00e4ntymisen, toimenpiteiden, sairauksien, vammautumisen ja l\u00e4\u00e4kitysten vaikutukset seksuaalisuuteen ja seksiel\u00e4m\u00e4\u00e4n<\/li>\n\n\n\n<li class=\"has-small-font-size\">seksuaalikasvatus<\/li>\n\n\n\n<li class=\"has-small-font-size\">seksuaaliterveys ja -hyvinvointi<\/li>\n\n\n\n<li class=\"has-small-font-size\">mik\u00e4 tahansa seksuaalisuuteesi liittyv\u00e4 asia, josta haluat puhua<\/li>\n<\/ul>\n\n\n\n<p>Keskustelun lis\u00e4ksi ty\u00f6tapoina voidaan k\u00e4ytt\u00e4\u00e4 erilaisten harjoitusten ja kotiteht\u00e4vien tekoa.<\/p>\n\n\n\n<p>Tapaamiset ovat luottamuksellisia ja tapahtuvat Kangasalla.<\/p>\n\n\n\n<p>Hinta: <\/p>\n\n\n\n<p>Paris- ja moniskunnille 75 min \/ 90\u20ac <a href=\"Hinta: 75 min \/ 90\u20ac (sis. alv)\">(<\/a>sis. alv)<\/p>\n\n\n\n<p>Yksil\u00f6lle 60 min \/ 75\u20ac (sis. alv)<\/p>\n\n\n\n<p><\/p>\n\n\n\n<p>Ota yhteytt\u00e4 ja varaa aika: greatfeelings.net@gmail.com<\/p>\n","protected":false},"excerpt":{"rendered":"<p>Tervetuloa seksologin (Seksologia I-taso, Jyv\u00e4skyl\u00e4n kes\u00e4yliopisto, 30 op) vastaanotolle keskustelemaan seksuaalisuuteen liittyvist\u00e4 asioista. Ne voivat olla huolenpitoa ennaltaehk\u00e4isev\u00e4ss\u00e4 mieless\u00e4 ilman varsinaisia ongelmia tai seksuaalisuuteen liittyvien haasteiden l\u00e4pik\u00e4ynti\u00e4 ja ratkaisua. Neuvonnan teemoja voivat olla mm.&nbsp; Keskustelun lis\u00e4ksi ty\u00f6tapoina voidaan k\u00e4ytt\u00e4\u00e4 erilaisten harjoitusten ja kotiteht\u00e4vien tekoa. Tapaamiset ovat luottamuksellisia ja tapahtuvat Kangasalla. Hinta: Paris- ja moniskunnille 75 &hellip; <\/p>\n<p class=\"link-more\"><a href=\"http:\/\/greatfeelings.net\/index.php\/seksuaalineuvonta\/\" class=\"more-link\">Continue reading<span class=\"screen-reader-text\"> &#8220;Seksuaalineuvonta&#8221;<\/span><\/a><\/p>\n","protected":false},"author":1,"featured_media":0,"parent":0,"menu_order":0,"comment_status":"closed","ping_status":"closed","template":"","meta":{"footnotes":""},"class_list":["post-45873","page","type-page","status-publish","hentry"],"aioseo_notices":[],"_links":{"self":[{"href":"http:\/\/greatfeelings.net\/index.php\/wp-json\/wp\/v2\/pages\/45873","targetHints":{"allow":["GET"]}}],"collection":[{"href":"http:\/\/greatfeelings.net\/index.php\/wp-json\/wp\/v2\/pages"}],"about":[{"href":"http:\/\/greatfeelings.net\/index.php\/wp-json\/wp\/v2\/types\/page"}],"author":[{"embeddable":true,"href":"http:\/\/greatfeelings.net\/index.php\/wp-json\/wp\/v2\/users\/1"}],"replies":[{"embeddable":true,"href":"http:\/\/greatfeelings.net\/index.php\/wp-json\/wp\/v2\/comments?post=45873"}],"version-history":[{"count":5,"href":"http:\/\/greatfeelings.net\/index.php\/wp-json\/wp\/v2\/pages\/45873\/revisions"}],"predecessor-version":[{"id":45955,"href":"http:\/\/greatfeelings.net\/index.php\/wp-json\/wp\/v2\/pages\/45873\/revisions\/45955"}],"wp:attachment":[{"href":"http:\/\/greatfeelings.net\/index.php\/wp-json\/wp\/v2\/media?parent=45873"}],"curies":[{"name":"wp","href":"https:\/\/api.w.org\/{rel}","templated":true}]}}