{"id":45875,"date":"2025-09-17T16:26:12","date_gmt":"2025-09-17T16:26:12","guid":{"rendered":"http:\/\/greatfeelings.net\/?page_id=45875"},"modified":"2026-04-14T15:03:31","modified_gmt":"2026-04-14T15:03:31","slug":"rentoutushoito","status":"publish","type":"page","link":"http:\/\/greatfeelings.net\/index.php\/rentoutushoito\/","title":{"rendered":"Rentoutushoito"},"content":{"rendered":"\n<p>Tutkittuja faktoja kosketuksesta ovat esimerkiksi:<\/p>\n\n\n\n<ul class=\"wp-block-list\">\n<li class=\"has-small-font-size\">Jo hipaisu her\u00e4tt\u00e4\u00e4 meiss\u00e4 positiivisuutta<\/li>\n\n\n\n<li class=\"has-small-font-size\">Kosketuksella voidaan lievent\u00e4\u00e4 kipua<\/li>\n\n\n\n<li class=\"has-small-font-size\">Kosketus rentouttaa ja lievitt\u00e4\u00e4 stressi\u00e4<\/li>\n<\/ul>\n\n\n\n<p>Tee siisp\u00e4 terveysteko ja tule rentoutushoitoon, jonka tavoitteena on tarjota asiakkaalle kehoa ja mielt\u00e4 hoitava hemmotteluhetki.<\/p>\n\n\n\n<p>Hoidossa ollaan alusvaatteet p\u00e4\u00e4ll\u00e4. Keho peitell\u00e4\u00e4n l\u00e4mpim\u00e4sti ja esill\u00e4 on kukin hoidettava alue kerrallaan. Hoito tehd\u00e4\u00e4n paljaalle iholle \u00f6ljy\u00e4 k\u00e4ytt\u00e4en. Hoidossa k\u00e4yd\u00e4\u00e4n keho selk\u00e4puolelta l\u00e4pi p\u00e4\u00e4st\u00e4 varpaisiin kuin my\u00f6s etupuolelta poislukien bikinialueet ja vatsan seutu. Hoidon aikana ei keskustella, jotta asiakas saa keskitty\u00e4 hoitoon ja siihen, mit\u00e4 se h\u00e4ness\u00e4 her\u00e4tt\u00e4\u00e4. Hoidon kesto on n. 35 minuuttia.<\/p>\n\n\n\n<p>Hoito ei ole perinteist\u00e4 hierontaa, otteet ovat kevyit\u00e4. Hoidolla voi saadun palautteen mukaan olla kuitenkin samankaltaisia vaikutuksia esim. kehon kivut voivat lieventy\u00e4 ja olo olla rentoutunut ja virkistynyt hoidon j\u00e4lkeen.<\/p>\n\n\n\n<p>Rentoutumista auttaa musiikki, jonka olen s\u00e4velt\u00e4nyt juuri t\u00e4t\u00e4 hoitoa varten. Musiikki on rauhallista ja p\u00e4\u00e4osin instrumentaalista. V\u00e4h\u00e4iset sanoitukset (englannin kielell\u00e4) ovat voimaannuttavia ja kehopositiivia.&nbsp;<\/p>\n\n\n\n<p>Hoito on saatavilla Kangasalla.<\/p>\n\n\n\n<p>Hinta: 55\u20ac (sis. alv)<\/p>\n\n\n\n<p>Ota yhteytt\u00e4 ja varaa aika: greatfeelings.net@gmail.com<\/p>\n\n\n\n<figure class=\"wp-block-image size-full\"><img loading=\"lazy\" decoding=\"async\" width=\"669\" height=\"334\" src=\"http:\/\/greatfeelings.net\/wp-content\/uploads\/2025\/01\/GF-hoito-mainoskuva.jpg\" alt=\"\" class=\"wp-image-19241\" srcset=\"http:\/\/greatfeelings.net\/wp-content\/uploads\/2025\/01\/GF-hoito-mainoskuva.jpg 669w, http:\/\/greatfeelings.net\/wp-content\/uploads\/2025\/01\/GF-hoito-mainoskuva-300x150.jpg 300w\" sizes=\"auto, (max-width: 669px) 100vw, 669px\" \/><\/figure>\n\n\n\n<p><strong>HUOM! Hoito ei sovi sinulle, jos sinulla on:<\/strong><\/p>\n\n\n\n<ul class=\"wp-block-list\">\n<li class=\"has-small-font-size\">Vakava sairaus<\/li>\n\n\n\n<li class=\"has-small-font-size\">Kuumetta<\/li>\n\n\n\n<li class=\"has-small-font-size\">Tehdus tai tarttuva tauti<\/li>\n<\/ul>\n\n\n\n<p>Sinun turvallisuutesi vuoksi kysy ensin l\u00e4\u00e4k\u00e4rilt\u00e4si, voitko tulla rentoutushoitoon, mik\u00e4li sinulla on jotain seuraavista tai ep\u00e4ilet itse hoidon soveltuvuutta sinulle:<\/p>\n\n\n\n<ul class=\"wp-block-list\">\n<li class=\"has-small-font-size\">Turvonnut tai tulehtunut kohta tai ruhje<\/li>\n\n\n\n<li class=\"has-small-font-size\">Avoin haava, tuore arpikudos, ihotulehdus, ihon pintavaurio tai ihottuma<\/li>\n\n\n\n<li class=\"has-small-font-size\">Tunnistamattomia patteja tai muhkuroita<\/li>\n\n\n\n<li class=\"has-small-font-size\">Suonikohjut, laskimotulehdus tai laskimotukos<\/li>\n\n\n\n<li class=\"has-small-font-size\">Olet raskaana<\/li>\n\n\n\n<li class=\"has-small-font-size\">Olet toipilas virustaudin j\u00e4ljilt\u00e4<\/li>\n\n\n\n<li class=\"has-small-font-size\">Osteoporoosi<\/li>\n\n\n\n<li class=\"has-small-font-size\">Nivelvaivoja<\/li>\n<\/ul>\n\n\n\n<p><strong>Tietoja hoidon kehitt\u00e4j\u00e4st\u00e4:<\/strong><\/p>\n\n\n\n<p>Olen Minna, <\/p>\n\n\n\n<ul class=\"wp-block-list\">\n<li>seksologi<\/li>\n\n\n\n<li>terapeuttinen parisuhdeohjaaja<\/li>\n\n\n\n<li>musiikin opettaja ja -tekij\u00e4 sek\u00e4<\/li>\n\n\n\n<li>merkonomi<\/li>\n<\/ul>\n\n\n\n<p>Olen viime vuosina havahtunut kosketuksen merkitykseen niin omassa el\u00e4m\u00e4ss\u00e4ni, lapsieni kautta kuin my\u00f6s ty\u00f6paikalla yl\u00e4kouluik\u00e4isten teinien keskuudessa. Halu osata ohjata teinej\u00e4 sopivaan ja kunnioittavaan kosketukseen sek\u00e4 l\u00f6yt\u00e4\u00e4 luonteva tapa puhua kosketuksen merkityksest\u00e4 kaiken ik\u00e4isten kanssa oli keskeinen syy hakeutua seksuaalineuvojakoulutukseen. Kosketuksen laajempi tutkiminen ja siihen liittyv\u00e4n tiedon hankinta sek\u00e4 hoidon kehitt\u00e4minen ovat olleet osa opintojani.<\/p>\n\n\n\n<p>Itsell\u00e4ni on paljon kokemusta asiakkaan roolissa erilaisista kosketushoidoista. Olen k\u00e4ynyt perinteisess\u00e4 hieronnassa, kuumakivikieronnassa, thaihieronnassa, intialaisessa p\u00e4\u00e4hieronnassa, faskia-hoidossa, modernissa vy\u00f6hyketerapiassa ja Rosen-terapiassa, toisissa enemm\u00e4n, toisissa kokeiluluonteisesti. My\u00f6s kosketukseen liittyv\u00e4t ty\u00f6pajat ja paritantrakurssit ovat lis\u00e4nneet tietoa ja kokemusta kosketuksesta ja sen merkityksest\u00e4. Olen poiminut edell\u00e4 mainituista kosketustapoja, jotka olen itse kokenut parhaiten rentouttaviksi ja siten kehoa ja mielt\u00e4 hoitaviksi.<\/p>\n\n\n\n<p>Toivotan sinut l\u00e4mpim\u00e4sti tervetulleeksi Great Feelings -rentoutushoitoon!<\/p>\n\n\n\n<p>t. Minna<\/p>\n","protected":false},"excerpt":{"rendered":"<p>Tutkittuja faktoja kosketuksesta ovat esimerkiksi: Tee siisp\u00e4 terveysteko ja tule rentoutushoitoon, jonka tavoitteena on tarjota asiakkaalle kehoa ja mielt\u00e4 hoitava hemmotteluhetki. Hoidossa ollaan alusvaatteet p\u00e4\u00e4ll\u00e4. Keho peitell\u00e4\u00e4n l\u00e4mpim\u00e4sti ja esill\u00e4 on kukin hoidettava alue kerrallaan. Hoito tehd\u00e4\u00e4n paljaalle iholle \u00f6ljy\u00e4 k\u00e4ytt\u00e4en. Hoidossa k\u00e4yd\u00e4\u00e4n keho selk\u00e4puolelta l\u00e4pi p\u00e4\u00e4st\u00e4 varpaisiin kuin my\u00f6s etupuolelta poislukien bikinialueet ja vatsan &hellip; <\/p>\n<p class=\"link-more\"><a href=\"http:\/\/greatfeelings.net\/index.php\/rentoutushoito\/\" class=\"more-link\">Continue reading<span class=\"screen-reader-text\"> &#8220;Rentoutushoito&#8221;<\/span><\/a><\/p>\n","protected":false},"author":1,"featured_media":0,"parent":0,"menu_order":0,"comment_status":"closed","ping_status":"closed","template":"","meta":{"footnotes":""},"class_list":["post-45875","page","type-page","status-publish","hentry"],"aioseo_notices":[],"_links":{"self":[{"href":"http:\/\/greatfeelings.net\/index.php\/wp-json\/wp\/v2\/pages\/45875","targetHints":{"allow":["GET"]}}],"collection":[{"href":"http:\/\/greatfeelings.net\/index.php\/wp-json\/wp\/v2\/pages"}],"about":[{"href":"http:\/\/greatfeelings.net\/index.php\/wp-json\/wp\/v2\/types\/page"}],"author":[{"embeddable":true,"href":"http:\/\/greatfeelings.net\/index.php\/wp-json\/wp\/v2\/users\/1"}],"replies":[{"embeddable":true,"href":"http:\/\/greatfeelings.net\/index.php\/wp-json\/wp\/v2\/comments?post=45875"}],"version-history":[{"count":6,"href":"http:\/\/greatfeelings.net\/index.php\/wp-json\/wp\/v2\/pages\/45875\/revisions"}],"predecessor-version":[{"id":45954,"href":"http:\/\/greatfeelings.net\/index.php\/wp-json\/wp\/v2\/pages\/45875\/revisions\/45954"}],"wp:attachment":[{"href":"http:\/\/greatfeelings.net\/index.php\/wp-json\/wp\/v2\/media?parent=45875"}],"curies":[{"name":"wp","href":"https:\/\/api.w.org\/{rel}","templated":true}]}}