{"id":93,"date":"2020-10-04T19:23:15","date_gmt":"2020-10-04T19:23:15","guid":{"rendered":"http:\/\/greatfeelings.net\/?page_id=93"},"modified":"2026-04-14T15:07:46","modified_gmt":"2026-04-14T15:07:46","slug":"uutiset","status":"publish","type":"page","link":"http:\/\/greatfeelings.net\/index.php\/uutiset\/","title":{"rendered":"Uutiset"},"content":{"rendered":"\n<p>1.2.2026<\/p>\n\n\n\n<p class=\"has-vivid-purple-color has-text-color has-link-color has-large-font-size wp-elements-c410aa5c731b3b60328dc927ed32fc38\">Mahdollisuus eroty\u00f6skentelyyn<\/p>\n\n\n\n<p>Lue tarkemmat tiedot eroty\u00f6skentelyst\u00e4 <a href=\"http:\/\/greatfeelings.net\/index.php\/erotyoskentely\/\" title=\"t\u00e4\u00e4lt\u00e4\">t\u00e4\u00e4lt\u00e4<\/a>.<\/p>\n\n\n\n<p><\/p>\n\n\n\n<p>7.1.2025<\/p>\n\n\n\n<p class=\"has-vivid-purple-color has-text-color has-link-color has-x-large-font-size wp-elements-77f86de6027b5631c0179c3e62cdec09\"><strong>Great Feelingsin toiminta laajenee<\/strong><\/p>\n\n\n\n<p>Olen opiskellut musiikin opettajan ty\u00f6n ohessa kev\u00e4\u00e4st\u00e4 2023 alkaen. Uusien tietojen ja taitojen my\u00f6t\u00e4 verkkokauppaan on tullut tarjolle uusia palveluja:<\/p>\n\n\n\n<ul class=\"wp-block-list\">\n<li class=\"has-small-font-size\">Great Feelings &#8211;<strong>rentoutushoito<\/strong><\/li>\n\n\n\n<li class=\"has-small-font-size\">Terapeuttinen <strong>parisuhdeohjaus<\/strong><\/li>\n\n\n\n<li class=\"has-small-font-size\"><strong>Seksuaalineuvonta<\/strong>\n<ul class=\"wp-block-list\">\n<li>Henkil\u00f6kohtainen seksuaalineuvonta nuorille ja aikuisille<\/li>\n\n\n\n<li>Seksuaalineuvonta pariskunnalle<\/li>\n\n\n\n<li>Seksuaalineuvonta monisuhteisille<\/li>\n<\/ul>\n<\/li>\n<\/ul>\n\n\n\n<p>Hoidot ja neuvonta tapahtuvat Kangasalan Suoramalla. Autolla tullessasi parkkeeraus on ilmaista. P\u00e4\u00e4set perille my\u00f6s bussilla.&nbsp;<\/p>\n\n\n\n<p class=\"has-vivid-purple-color has-text-color has-link-color has-medium-font-size wp-elements-ab48a5fa5781486552a394eec278ae59\"><strong>Toivotan sinut l\u00e4mpim\u00e4sti tervetulleeksi Great Feelings -rentoutushoitoon, parisuhde- ja\/tai seksuaalisuuteen liittyvien asioiden \u00e4\u00e4relle!<\/strong> <\/p>\n\n\n\n<p class=\"has-vivid-purple-color has-text-color has-link-color has-medium-font-size wp-elements-f306e1812f4cb3dafdfe6333d74a4846\"><a href=\"http:\/\/www.greatfeelings.net\/index.php\/hyvinvointipalvelut\/\">Lue palveluiden tarkemmat kuvaukset t\u00e4\u00e4lt\u00e4.<\/a><\/p>\n\n\n\n<p class=\"has-vivid-purple-color has-text-color has-link-color has-medium-font-size wp-elements-31c4cc60d4f4e3dfb04bb57560cca879\">&#8211; Minna<\/p>\n\n\n\n<p><\/p>\n\n\n\n<p><\/p>\n\n\n\n<p>24.4.2024<\/p>\n\n\n\n<p>Wedding Albumin lauluista on tulossa kev\u00e4\u00e4n ja alkukes\u00e4n aikana lyriikkavideot Youtubeen. Ota uudet somekanavamme  seurantaan:<\/p>\n\n\n\n<p><a href=\"https:\/\/www.instagram.com\/greatfeelings_productions\/\">https:\/\/www.instagram.com\/greatfeelings_productions\/<\/a><\/p>\n\n\n\n<p><a href=\"https:\/\/www.facebook.com\/profile.php?id=61558347376746&amp;sk=about\">https:\/\/www.facebook.com\/profile.php?id=61558347376746&amp;sk=about<\/a><\/p>\n\n\n\n<figure class=\"wp-block-image size-large is-resized\"><img loading=\"lazy\" decoding=\"async\" width=\"750\" height=\"990\" src=\"http:\/\/greatfeelings.net\/wp-content\/uploads\/2024\/04\/IMG_7569.jpg\" alt=\"\" class=\"wp-image-215\" style=\"width:285px;height:375px\"\/><\/figure>\n\n\n\n<p>14.6.2023<\/p>\n\n\n\n<p class=\"has-text-align-center\">Lukijoiden pyynn\u00f6st\u00e4 e-kirjana v. 2021 julkaistu TRIADI on saatavilla nyt kes\u00e4n 2023 uutuutena my\u00f6s painettuna kirjana. <\/p>\n\n\n\n<p class=\"has-text-align-center\">Osta omasi <a href=\"https:\/\/holvi.com\/shop\/greatfeelings\/\">Great Feelings:in verkkokaupasta<\/a> tai muista suomalaisista kirjojen verkkokaupoista. <\/p>\n\n\n\n<figure class=\"wp-block-image size-large\"><img decoding=\"async\" src=\"blob:http:\/\/greatfeelings.net\/9d108541-3abe-4db3-a0fd-74481d98171b\" alt=\"\"\/><\/figure>\n\n\n\n<figure class=\"wp-block-image size-large\"><img loading=\"lazy\" decoding=\"async\" width=\"1024\" height=\"702\" src=\"http:\/\/greatfeelings.net\/wp-content\/uploads\/2023\/06\/e-ja-kirja-1-1024x702.jpg\" alt=\"\" class=\"wp-image-206\" srcset=\"http:\/\/greatfeelings.net\/wp-content\/uploads\/2023\/06\/e-ja-kirja-1-1024x702.jpg 1024w, http:\/\/greatfeelings.net\/wp-content\/uploads\/2023\/06\/e-ja-kirja-1-300x206.jpg 300w, http:\/\/greatfeelings.net\/wp-content\/uploads\/2023\/06\/e-ja-kirja-1-768x527.jpg 768w, http:\/\/greatfeelings.net\/wp-content\/uploads\/2023\/06\/e-ja-kirja-1-1536x1053.jpg 1536w, http:\/\/greatfeelings.net\/wp-content\/uploads\/2023\/06\/e-ja-kirja-1-2048x1404.jpg 2048w\" sizes=\"auto, (max-width: 767px) 89vw, (max-width: 1000px) 54vw, (max-width: 1071px) 543px, 580px\" \/><\/figure>\n\n\n\n<p>6.3.2023<\/p>\n\n\n\n<p class=\"has-text-align-center has-text-color\" style=\"color:#f3289b;font-size:25px\">Great Feelings &#8211; Hyvi\u00e4 uutisia<\/p>\n\n\n\n<p class=\"has-text-align-center\">teille, jotka haluatte hypistell\u00e4 kirjaa k\u00e4dess\u00e4, taittaa sivun yl\u00e4kulman kirjanmerkiksi, tehd\u00e4 omia merkint\u00f6j\u00e4 tekstin sekaan, antaa kirjahyllyn olemassaololle merkityksen tai vaikka antaa hyv\u00e4\u00e4 luettavaa lahjaksi ihan oikeassa paketissa.<\/p>\n\n\n\n<p class=\"has-text-align-center\">TRIADI julkaistaan huhtikuussa painettuna kirjana. Se on edelleen soiva romaani, sill\u00e4 kirjassa on qr-koodit, joilla p\u00e4\u00e4set k\u00e4tev\u00e4sti kuuntelemaan Triadi-albumin kappaleet siin\u00e4 kohtaa, kun ne kirjassa tulevat.<\/p>\n\n\n\n<p class=\"has-text-align-center\">Jos haluat varmistaa, ett\u00e4 saat kirjan ensimm\u00e4isten joukossa, tee tilaus saman tien <a href=\"https:\/\/holvi.com\/shop\/greatfeelings\/\">verkkokauppamme<\/a> kautta. Tee ennakkotilaus viimeist\u00e4\u00e4n 31.3.2023, niin maksamme postimaksun puolestasi.<\/p>\n\n\n\n<p>12.12.2021<\/p>\n\n\n\n<p class=\"has-text-align-center\">Kirjamessuihin liittyv\u00e4 TRIADI:n arvonta on suoritettu ja voittajille on ilmoitettu henkil\u00f6kohtaisesti. Kiitos messuk\u00e4vij\u00f6ille mielenkiinnosta TRIADI:a kohtaan!<\/p>\n\n\n\n<p class=\"has-text-align-center\">Ilmaisen lukun\u00e4ytteen voi tilata edelleen sivustolta www.annimlove.com yhteydenottolomakkeella.<\/p>\n\n\n\n<p>4.12.2021<\/p>\n\n\n\n<h1 class=\"wp-block-heading has-text-align-center has-text-color\" id=\"block-82729b7a-8b84-4c3c-b468-e6ec240b5f54\" style=\"color:#f3289b\"><strong>Tilaa ilmainen lukun\u00e4yte ja osallistu arvontaan sivun <a href=\"http:\/\/www.annimlove.com\">www.annimlove.com<\/a> alaosassa olevalla yhteydenottolomakkeella.<\/strong><\/h1>\n\n\n\n<figure class=\"wp-block-image size-large\"><img loading=\"lazy\" decoding=\"async\" width=\"989\" height=\"1024\" src=\"http:\/\/greatfeelings.net\/wp-content\/uploads\/2021\/12\/N\u00e4ytt\u00f6kuva-2021-12-4-kello-6.17.25-989x1024.png\" alt=\"\" class=\"wp-image-176\" srcset=\"http:\/\/greatfeelings.net\/wp-content\/uploads\/2021\/12\/N\u00e4ytt\u00f6kuva-2021-12-4-kello-6.17.25-989x1024.png 989w, http:\/\/greatfeelings.net\/wp-content\/uploads\/2021\/12\/N\u00e4ytt\u00f6kuva-2021-12-4-kello-6.17.25-290x300.png 290w, http:\/\/greatfeelings.net\/wp-content\/uploads\/2021\/12\/N\u00e4ytt\u00f6kuva-2021-12-4-kello-6.17.25-768x795.png 768w, http:\/\/greatfeelings.net\/wp-content\/uploads\/2021\/12\/N\u00e4ytt\u00f6kuva-2021-12-4-kello-6.17.25.png 1121w\" sizes=\"auto, (max-width: 767px) 89vw, (max-width: 1000px) 54vw, (max-width: 1071px) 543px, 580px\" \/><\/figure>\n\n\n\n<p><\/p>\n\n\n\n<p>30.11.2021<\/p>\n\n\n\n<p class=\"has-text-align-center has-text-color\" style=\"color:#f3289b;font-size:25px\"><strong>Tampereen kirjafestarit vietet\u00e4\u00e4n la-su 4.-5.12.2021!<\/strong><\/p>\n\n\n\n<p class=\"has-text-align-center has-text-color\" style=\"color:#f3289b;font-size:25px\">Tervetuloa moikkaamaan Annia ja tutustumaan TRIADIIN.<\/p>\n\n\n\n<p class=\"has-text-align-center has-text-color\" style=\"color:#f3289b;font-size:25px\"><strong>Soiva romaani l\u00f6ytyy Tampere talossa messuosastolta 1.37.&nbsp;<\/strong><\/p>\n\n\n\n<p>23.6.2021<\/p>\n\n\n\n<p>Great Feelings -kustantamo on mainittuna Aamulehden MORO-liitteess\u00e4. P\u00e4\u00e4set lukemaan jutun alla olevasta linkist\u00e4. Kiitos toimittaja P\u00e4ivi Vasara ja Aamulehti!<\/p>\n\n\n\n<p><a href=\"https:\/\/www.aamulehti.fi\/moro\/art-2000008046958.html\">https:\/\/www.aamulehti.fi\/moro\/art-2000008046958.html<\/a><\/p>\n\n\n\n<figure class=\"wp-block-image size-large\"><img loading=\"lazy\" decoding=\"async\" width=\"960\" height=\"960\" src=\"http:\/\/greatfeelings.net\/wp-content\/uploads\/2021\/06\/IMG_9445-rotated.jpg\" alt=\"\" class=\"wp-image-169\" srcset=\"http:\/\/greatfeelings.net\/wp-content\/uploads\/2021\/06\/IMG_9445-rotated.jpg 960w, http:\/\/greatfeelings.net\/wp-content\/uploads\/2021\/06\/IMG_9445-300x300.jpg 300w, http:\/\/greatfeelings.net\/wp-content\/uploads\/2021\/06\/IMG_9445-150x150.jpg 150w, http:\/\/greatfeelings.net\/wp-content\/uploads\/2021\/06\/IMG_9445-768x768.jpg 768w, http:\/\/greatfeelings.net\/wp-content\/uploads\/2021\/06\/IMG_9445-100x100.jpg 100w\" sizes=\"auto, (max-width: 767px) 89vw, (max-width: 1000px) 54vw, (max-width: 1071px) 543px, 580px\" \/><figcaption class=\"wp-element-caption\">Kuvassa kustantaja Minna Rask MORO:n jutun kanssa.<\/figcaption><\/figure>\n\n\n\n<p><\/p>\n\n\n\n<p><\/p>\n\n\n\n<figure class=\"wp-block-embed is-type-video is-provider-youtube wp-block-embed-youtube wp-embed-aspect-16-9 wp-has-aspect-ratio\"><div class=\"wp-block-embed__wrapper\">\nhttps:\/\/youtu.be\/zzxbNKsDjRw\n<\/div><\/figure>\n\n\n\n<p>Joko sinulle on soivan romaanin konsepti tuttu? Jos ei, niin yll\u00e4 olevasta videosta selvi\u00e4\u00e4!<\/p>\n\n\n\n<p><\/p>\n\n\n\n<p><\/p>\n\n\n\n<figure class=\"wp-block-image size-large\"><img loading=\"lazy\" decoding=\"async\" width=\"654\" height=\"1024\" src=\"http:\/\/greatfeelings.net\/wp-content\/uploads\/2021\/04\/N\u00e4ytt\u00f6kuva-2021-4-16-kello-22.34.03-654x1024.png\" alt=\"\" class=\"wp-image-161\" srcset=\"http:\/\/greatfeelings.net\/wp-content\/uploads\/2021\/04\/N\u00e4ytt\u00f6kuva-2021-4-16-kello-22.34.03-654x1024.png 654w, http:\/\/greatfeelings.net\/wp-content\/uploads\/2021\/04\/N\u00e4ytt\u00f6kuva-2021-4-16-kello-22.34.03-192x300.png 192w, http:\/\/greatfeelings.net\/wp-content\/uploads\/2021\/04\/N\u00e4ytt\u00f6kuva-2021-4-16-kello-22.34.03-768x1203.png 768w, http:\/\/greatfeelings.net\/wp-content\/uploads\/2021\/04\/N\u00e4ytt\u00f6kuva-2021-4-16-kello-22.34.03-981x1536.png 981w, http:\/\/greatfeelings.net\/wp-content\/uploads\/2021\/04\/N\u00e4ytt\u00f6kuva-2021-4-16-kello-22.34.03-1308x2048.png 1308w, http:\/\/greatfeelings.net\/wp-content\/uploads\/2021\/04\/N\u00e4ytt\u00f6kuva-2021-4-16-kello-22.34.03.png 1341w\" sizes=\"auto, (max-width: 654px) 100vw, 654px\" \/><figcaption class=\"wp-element-caption\">Nyt julkaistava musiikkiromaani on suomalaisen pienkustantamo&nbsp;<em>Great Feelingsin<\/em>&nbsp;iso satsaus. Kustantaja&nbsp;<strong>Minna Rask<\/strong>&nbsp;kertoo seuraavaa: <span style=\"color:#f3289b\" class=\"has-inline-color\">\u201dEn usko nykyiseen musiikibisneksess\u00e4 vallalla olevaan tapaan sainata artisteja muutaman sinkun sopimuksella. Artistilla pit\u00e4\u00e4 olla laajempi&nbsp;n\u00e4kemys siit\u00e4, mit\u00e4 h\u00e4n haluaa sanoa. Uskon edelleen albumin voimaan. Anni vei asian viel\u00e4 nextille levelille kirjoittamalla kirjan albumin biisien ymp\u00e4rille.\u201d<\/span><br><br> Lue koko tiedote <a href=\"https:\/\/www.sttinfo.fi\/tiedote\/vaiettu-aihe-polyamoria-maamme-ensimmainen-musiikkiromaani-julkaistaan?publisherId=69817159&amp;releaseId=69906223\">t\u00e4\u00e4lt\u00e4.<\/a><\/figcaption><\/figure>\n\n\n\n<p class=\"has-text-color\" style=\"color:#f3289b;font-size:24px\"><strong>Great Feelings tuo musiikki- ja kirjallisuusbisnekseen jotain aivan uutta: Suomen ensimm\u00e4isen soivan romaanin!&nbsp;<\/strong><\/p>\n\n\n\n<p>9.4.2021<\/p>\n\n\n\n<p>Great Feelings tuo musiikki- ja kirjallisuusbisnekseen jotain aivan uutta: Suomen ensimm\u00e4isen soivan romaanin!&nbsp;<\/p>\n\n\n\n<p class=\"has-very-dark-gray-color has-text-color\">Musiikkibisnes, kuin my\u00f6s kirjabisnes, ovat muuttuneet valtavasti viimeisten parin vuosikymmenen aikana. Hyv\u00e4 asia on, ett\u00e4 oman tuotannon tekeminen on tullut kehittyneen tekniikan my\u00f6t\u00e4 helpommaksi ja halvemmaksi. T\u00e4m\u00e4n my\u00f6t\u00e4 kilpailu alalla on lis\u00e4\u00e4ntynyt. Levymyynnin romahduksen my\u00f6t\u00e4 taiteellisesta ty\u00f6st\u00e4 saatavat tulot ovat kaventuneet roimasti. Siten markkinoille pit\u00e4\u00e4 tuoda jotain uutta, jotta erottuu massasta. Great Feelings tekee sen kustantamalla <strong>Anni M. Love<\/strong>n kirjoittaman kirjan <strong>TRIADI<\/strong> ja julkaisemalla albumillisen h\u00e4nen musiikkiaan.<\/p>\n\n\n\n<p>Triadi on kahdella tapaa erikoinen: se on <strong>soiva romaani<\/strong>, eli <strong>musiikkiromaani<\/strong> joka koostuu kirjasta ja&nbsp; albumillisesta pop-biisej\u00e4, jotka nivoutuvat kirjan tarinaan. Albumin voi kuunnella erikseen, kirjan voi lukea itsen\u00e4isen\u00e4 teoksena, tai albumin voi kuunnella samaa tahtia kirjan edetess\u00e4. Toinen erikoispiirre on, ett\u00e4 kirjan teema <strong>polyamoria <\/strong>on tabu, josta on todella v\u00e4h\u00e4n kirjallisuutta saatavana. Triadi on trilogian ensimm\u00e4inen osa, jossa kerrotaan polyamorisen suhteen syntytarina.<\/p>\n\n\n\n<p>Triadi-albumi on julkaistu 9.4.2021! K\u00e4y kuuntelemassa kappaleet suoratoistopalveluissa, lis\u00e4\u00e4 lempparibiisit soittolistallesi ja ota Anni M. Love seurantaan.<\/p>\n\n\n\n<p>Triadi-kirja julkaistaan e-kirjana 16.4.2021. <\/p>\n\n\n\n<p>Mielenkiintoisia el\u00e4myksi\u00e4 musiikin ja kirjallisuuden, eli soivan romaanin parissa toivottaen,<\/p>\n\n\n\n<p>Minna Rask<\/p>\n\n\n\n<p>Kustantaja<\/p>\n\n\n\n<figure class=\"wp-block-embed is-type-rich is-provider-spotify wp-block-embed-spotify wp-embed-aspect-9-16 wp-has-aspect-ratio wp-embed-aspect-21-9\"><div class=\"wp-block-embed__wrapper\">\n<iframe title=\"Spotify Embed: Triadi\" style=\"border-radius: 12px\" width=\"100%\" height=\"352\" frameborder=\"0\" allowfullscreen allow=\"autoplay; clipboard-write; encrypted-media; fullscreen; picture-in-picture\" loading=\"lazy\" src=\"https:\/\/open.spotify.com\/embed\/album\/0vtLVbNoFWY2J3pa6vb8Ig?si=bCf2EVmoRIi0ySmDxEhNhA&amp;utm_source=oembed\"><\/iframe>\n<\/div><figcaption class=\"wp-element-caption\">Kuuntele Spotifyssa.<\/figcaption><\/figure>\n\n\n\n<figure class=\"wp-block-embed is-type-video is-provider-youtube wp-block-embed-youtube wp-embed-aspect-16-9 wp-has-aspect-ratio\"><div class=\"wp-block-embed__wrapper\">\n<iframe loading=\"lazy\" title=\"Triadi\" width=\"525\" height=\"295\" src=\"https:\/\/www.youtube.com\/embed\/videoseries?list=OLAK5uy_k7uyR4VMISIsTN1O4UyyujdD88Gf7I698\" frameborder=\"0\" allow=\"accelerometer; autoplay; clipboard-write; encrypted-media; gyroscope; picture-in-picture; web-share\" referrerpolicy=\"strict-origin-when-cross-origin\" allowfullscreen><\/iframe>\n<\/div><figcaption class=\"wp-element-caption\">Kuuntele Youtubessa.<\/figcaption><\/figure>\n\n\n\n<p>8.12.2020 <\/p>\n\n\n\n<p>julkaistiin Resonoi-single. Kuuntele:<\/p>\n\n\n\n<figure class=\"wp-block-embed is-type-rich is-provider-spotify wp-block-embed-spotify wp-embed-aspect-9-16 wp-has-aspect-ratio wp-embed-aspect-21-9\"><div class=\"wp-block-embed__wrapper\">\n<iframe title=\"Spotify Embed: Resonoi\" style=\"border-radius: 12px\" width=\"100%\" height=\"152\" frameborder=\"0\" allowfullscreen allow=\"autoplay; clipboard-write; encrypted-media; fullscreen; picture-in-picture\" loading=\"lazy\" src=\"https:\/\/open.spotify.com\/embed\/track\/5IgqXqSq56VXSnSAwpkurR?si=6941f6205eae4c40&amp;utm_source=oembed\"><\/iframe>\n<\/div><\/figure>\n\n\n\n<p> Kuuntele ja katso musiikkivideo:<\/p>\n\n\n\n<figure class=\"wp-block-embed is-type-video is-provider-youtube wp-block-embed-youtube wp-embed-aspect-16-9 wp-has-aspect-ratio\"><div class=\"wp-block-embed__wrapper\">\n<iframe loading=\"lazy\" title=\"Anni M. Love: Resonoi\" width=\"525\" height=\"295\" src=\"https:\/\/www.youtube.com\/embed\/k0XoOU01LQY?feature=oembed\" frameborder=\"0\" allow=\"accelerometer; autoplay; clipboard-write; encrypted-media; gyroscope; picture-in-picture; web-share\" referrerpolicy=\"strict-origin-when-cross-origin\" allowfullscreen><\/iframe>\n<\/div><\/figure>\n\n\n\n<p>6.11.2020<\/p>\n\n\n\n<p>Soivan romaanin ensimm\u00e4inen sinkku <em>Limerenssi<\/em> on ilmestynyt! Seuraa Spotifyss\u00e4 artistia Anni M. Love, niin kuulet uudet julkaisut heti niiden ilmestyess\u00e4!<\/p>\n\n\n\n<figure class=\"wp-block-embed is-type-rich is-provider-spotify wp-block-embed-spotify wp-embed-aspect-9-16 wp-has-aspect-ratio wp-embed-aspect-21-9\"><div class=\"wp-block-embed__wrapper\">\n<iframe title=\"Spotify Embed: Limerenssi\" style=\"border-radius: 12px\" width=\"100%\" height=\"352\" frameborder=\"0\" allowfullscreen allow=\"autoplay; clipboard-write; encrypted-media; fullscreen; picture-in-picture\" loading=\"lazy\" src=\"https:\/\/open.spotify.com\/embed\/album\/2hqmiLLYPr57X2ZFndjROn?highlight=spotify%3Atrack%3A6QEjlkVuPQz24YkmNJr1gv&amp;utm_source=oembed\"><\/iframe>\n<\/div><\/figure>\n\n\n\n<p>21.11.2020<\/p>\n\n\n\n<p>Aamulehti nosti soivan romaanin esittelyn yhdeksi kiinnostavimmaksi ohjelmanumeroksi Tampereen kirjaviikolla!<\/p>\n\n\n\n<figure class=\"wp-block-image size-large\"><img loading=\"lazy\" decoding=\"async\" width=\"1024\" height=\"247\" src=\"http:\/\/greatfeelings.net\/wp-content\/uploads\/2020\/10\/N\u00e4ytt\u00f6kuva-2020-10-21-kello-6.12.18-1024x247.png\" alt=\"\" class=\"wp-image-126\" srcset=\"http:\/\/greatfeelings.net\/wp-content\/uploads\/2020\/10\/N\u00e4ytt\u00f6kuva-2020-10-21-kello-6.12.18-1024x247.png 1024w, http:\/\/greatfeelings.net\/wp-content\/uploads\/2020\/10\/N\u00e4ytt\u00f6kuva-2020-10-21-kello-6.12.18-300x72.png 300w, http:\/\/greatfeelings.net\/wp-content\/uploads\/2020\/10\/N\u00e4ytt\u00f6kuva-2020-10-21-kello-6.12.18-768x185.png 768w, http:\/\/greatfeelings.net\/wp-content\/uploads\/2020\/10\/N\u00e4ytt\u00f6kuva-2020-10-21-kello-6.12.18-1536x371.png 1536w, http:\/\/greatfeelings.net\/wp-content\/uploads\/2020\/10\/N\u00e4ytt\u00f6kuva-2020-10-21-kello-6.12.18.png 1935w\" sizes=\"auto, (max-width: 767px) 89vw, (max-width: 1000px) 54vw, (max-width: 1071px) 543px, 580px\" \/><\/figure>\n\n\n\n<p>Lue lis\u00e4\u00e4 20.11.2020 Aamulehdest\u00e4 tai verkkojulkaisusta <\/p>\n\n\n\n<p><a href=\"https:\/\/www.aamulehti.fi\/a\/117e6ce9-e8f3-4715-b895-1c51af732e33?c=1537257657039\">https:\/\/www.aamulehti.fi\/a\/117e6ce9-e8f3-4715-b895-1c51af732e33?c=1537257657039<\/a><\/p>\n\n\n\n<p><\/p>\n\n\n\n<p>14.11.2020<\/p>\n\n\n\n<p class=\"has-text-align-center\">Great Feelings &nbsp;laajentaa kustannustoimintaa kirjallisuuden puolelle kustantamalla Anni M. Loven kirjoittaman kirjan ja julkaisemalla albumillisen h\u00e4nen musiikkiaan. N\u00e4iden my\u00f6t\u00e4  musiikki- ja kirjallisuusbisnekseen tulee jotain aivan uutta: <\/p>\n\n\n\n<p class=\"has-text-align-center\"><font color=\"#d54267\"><span style=\"caret-color: rgb(213, 66, 103); font-weight: 600;\"><span style=\"color:#f915c7\" class=\"has-inline-color\">SUOMEN ENSIMM\u00c4INEN SOIVA ROMAANI!&nbsp;<\/span><\/span><\/font><\/p>\n\n\n\n<p class=\"has-text-align-center\">Ensimm\u00e4inen sinkku julkaistaan 6.11.2020!<\/p>\n\n\n\n<p class=\"has-text-align-center\">Ota Annin ja Soivan romaanin somekanavat seurantaan ja pysy mukana julkaisuista ja niihin liittyvist\u00e4 tapahtumista.<\/p>\n\n\n\n<div class=\"wp-block-group\"><div class=\"wp-block-group__inner-container is-layout-flow wp-block-group-is-layout-flow\">\n<p class=\"has-text-align-center\"><a href=\"https:\/\/www.instagram.com\/annim.love\/\">https:\/\/www.instagram.com\/annim.love\/<\/a><\/p>\n<\/div><\/div>\n\n\n\n<p class=\"has-text-align-center\"><a href=\"https:\/\/www.instagram.com\/soivaromaani\/\">https:\/\/www.instagram.com\/soivaromaani\/<\/a><\/p>\n\n\n\n<p class=\"has-text-align-center\"><a href=\"https:\/\/www.facebook.com\/Anni-M-Love-103480008198370\/?view_public_for=103480008198370\">https:\/\/www.facebook.com\/Anni-M-Love-103480008198370\/?view_public_for=103480008198370<\/a><\/p>\n\n\n\n<p class=\"has-text-align-center\">Yhteydenotot: soivaromaani@gmail.com<\/p>\n\n\n\n<p class=\"has-text-align-center\"><\/p>\n\n\n\n<p><\/p>\n\n\n\n<p><\/p>\n\n\n\n<p><\/p>\n","protected":false},"excerpt":{"rendered":"<p>1.2.2026 Mahdollisuus eroty\u00f6skentelyyn Lue tarkemmat tiedot eroty\u00f6skentelyst\u00e4 t\u00e4\u00e4lt\u00e4. 7.1.2025 Great Feelingsin toiminta laajenee Olen opiskellut musiikin opettajan ty\u00f6n ohessa kev\u00e4\u00e4st\u00e4 2023 alkaen. Uusien tietojen ja taitojen my\u00f6t\u00e4 verkkokauppaan on tullut tarjolle uusia palveluja: Hoidot ja neuvonta tapahtuvat Kangasalan Suoramalla. Autolla tullessasi parkkeeraus on ilmaista. P\u00e4\u00e4set perille my\u00f6s bussilla.&nbsp; Toivotan sinut l\u00e4mpim\u00e4sti tervetulleeksi Great Feelings -rentoutushoitoon, &hellip; <\/p>\n<p class=\"link-more\"><a href=\"http:\/\/greatfeelings.net\/index.php\/uutiset\/\" class=\"more-link\">Continue reading<span class=\"screen-reader-text\"> &#8220;Uutiset&#8221;<\/span><\/a><\/p>\n","protected":false},"author":1,"featured_media":0,"parent":0,"menu_order":0,"comment_status":"closed","ping_status":"open","template":"","meta":{"footnotes":""},"class_list":["post-93","page","type-page","status-publish","hentry"],"aioseo_notices":[],"_links":{"self":[{"href":"http:\/\/greatfeelings.net\/index.php\/wp-json\/wp\/v2\/pages\/93","targetHints":{"allow":["GET"]}}],"collection":[{"href":"http:\/\/greatfeelings.net\/index.php\/wp-json\/wp\/v2\/pages"}],"about":[{"href":"http:\/\/greatfeelings.net\/index.php\/wp-json\/wp\/v2\/types\/page"}],"author":[{"embeddable":true,"href":"http:\/\/greatfeelings.net\/index.php\/wp-json\/wp\/v2\/users\/1"}],"replies":[{"embeddable":true,"href":"http:\/\/greatfeelings.net\/index.php\/wp-json\/wp\/v2\/comments?post=93"}],"version-history":[{"count":49,"href":"http:\/\/greatfeelings.net\/index.php\/wp-json\/wp\/v2\/pages\/93\/revisions"}],"predecessor-version":[{"id":45959,"href":"http:\/\/greatfeelings.net\/index.php\/wp-json\/wp\/v2\/pages\/93\/revisions\/45959"}],"wp:attachment":[{"href":"http:\/\/greatfeelings.net\/index.php\/wp-json\/wp\/v2\/media?parent=93"}],"curies":[{"name":"wp","href":"https:\/\/api.w.org\/{rel}","templated":true}]}}