{"id":63,"date":"2020-01-23T11:03:58","date_gmt":"2020-01-23T11:03:58","guid":{"rendered":"http:\/\/greatfeelings.net\/?page_id=63"},"modified":"2025-09-17T18:00:13","modified_gmt":"2025-09-17T18:00:13","slug":"julkaisut","status":"publish","type":"page","link":"https:\/\/greatfeelings.net\/index.php\/julkaisut\/","title":{"rendered":"Julkaisut"},"content":{"rendered":"\n<p>Tuotteitamme on lainattavissa kirjastoista (mm. Helmet, Piki, Lastu) sek\u00e4 ostettavissa nettikirjakaupoista (mm. Suomalainen kirjakauppa, Ellibs).<\/p>\n\n\n\n<p class=\"has-medium-font-size\"><\/p>\n\n\n\n<p class=\"has-large-font-size\">Soiva romaani<\/p>\n\n\n\n<p>TRIADI on Great Feelingsin julkaisema Suomen ensimm\u00e4inen soiva romaani, joka sis\u00e4lt\u00e4\u00e4 Anni M. Love:n 12 pop-biisi\u00e4, joiden ymp\u00e4rille muotoutuu polyamorinen rakkaustarina. Kirja sis\u00e4lt\u00e4\u00e4 linkit (e-kirja) \/ qr-koodit (painettu kirja) lauluihin siin\u00e4 kohtaa, kun ne kirjan edetess\u00e4 tulevat.<\/p>\n\n\n\n<p><a href=\"https:\/\/holvi.com\/shop\/greatfeelings\/product\/377c4884ff9827d19a900fc4727506a2\/\">Tutustu tarkemmin!<\/a><\/p>\n\n\n\n<figure class=\"wp-block-gallery has-nested-images columns-default is-cropped wp-block-gallery-1 is-layout-flex wp-block-gallery-is-layout-flex\">\n<figure class=\"wp-block-image size-large\"><img loading=\"lazy\" decoding=\"async\" width=\"1024\" height=\"702\" data-id=\"206\" src=\"http:\/\/greatfeelings.net\/wp-content\/uploads\/2023\/06\/e-ja-kirja-1-1024x702.jpg\" alt=\"\" class=\"wp-image-206\" srcset=\"https:\/\/greatfeelings.net\/wp-content\/uploads\/2023\/06\/e-ja-kirja-1-1024x702.jpg 1024w, https:\/\/greatfeelings.net\/wp-content\/uploads\/2023\/06\/e-ja-kirja-1-300x206.jpg 300w, https:\/\/greatfeelings.net\/wp-content\/uploads\/2023\/06\/e-ja-kirja-1-768x527.jpg 768w, https:\/\/greatfeelings.net\/wp-content\/uploads\/2023\/06\/e-ja-kirja-1-1536x1053.jpg 1536w, https:\/\/greatfeelings.net\/wp-content\/uploads\/2023\/06\/e-ja-kirja-1-2048x1404.jpg 2048w\" sizes=\"auto, (max-width: 767px) 89vw, (max-width: 1000px) 54vw, (max-width: 1071px) 543px, 580px\" \/><\/figure>\n<\/figure>\n\n\n\n<p>Triadi on saatavilla e-kirjana (pdf, ePub) sek\u00e4 painettuna kirjana. <\/p>\n\n\n\n<p><\/p>\n\n\n\n<p class=\"has-large-font-size\">Musiikki<\/p>\n\n\n\n<p>Suurin osa musiikkijulkaisuistamme on kuunneltavissa suoratoistopalveluissa. Niiden linkit l\u00f6yd\u00e4t t\u00e4lt\u00e4 sivulta.<\/p>\n\n\n\n<p><strong>Anni M. Love: Triadi<\/strong>-albumi<\/p>\n\n\n\n<figure class=\"wp-block-embed is-type-rich is-provider-spotify wp-block-embed-spotify wp-embed-aspect-21-9 wp-has-aspect-ratio\"><div class=\"wp-block-embed__wrapper\">\n<iframe title=\"Spotify Embed: Triadi\" style=\"border-radius: 12px\" width=\"100%\" height=\"352\" frameborder=\"0\" allowfullscreen allow=\"autoplay; clipboard-write; encrypted-media; fullscreen; picture-in-picture\" loading=\"lazy\" src=\"https:\/\/open.spotify.com\/embed\/album\/0vtLVbNoFWY2J3pa6vb8Ig?utm_source=oembed\"><\/iframe>\n<\/div><\/figure>\n\n\n\n<figure class=\"wp-block-embed is-type-video is-provider-youtube wp-block-embed-youtube wp-embed-aspect-4-3 wp-has-aspect-ratio\"><div class=\"wp-block-embed__wrapper\">\n<iframe loading=\"lazy\" title=\"Tuu ja l\u00f6yd\u00e4 mut\" width=\"525\" height=\"394\" src=\"https:\/\/www.youtube.com\/embed\/kxKyxDFzlqg?list=PLLY4jGXUATTDQGfHEGtYIB8TLK05j9OkQ\" frameborder=\"0\" allow=\"accelerometer; autoplay; clipboard-write; encrypted-media; gyroscope; picture-in-picture; web-share\" referrerpolicy=\"strict-origin-when-cross-origin\" allowfullscreen><\/iframe>\n<\/div><\/figure>\n\n\n\n<p><strong>Fly away<\/strong> -single<\/p>\n\n\n\n<figure class=\"wp-block-embed is-type-rich is-provider-spotify wp-block-embed-spotify wp-embed-aspect-9-16 wp-has-aspect-ratio wp-embed-aspect-21-9\"><div class=\"wp-block-embed__wrapper\">\n<iframe title=\"Spotify Embed: Fly Away\" style=\"border-radius: 12px\" width=\"100%\" height=\"352\" frameborder=\"0\" allowfullscreen allow=\"autoplay; clipboard-write; encrypted-media; fullscreen; picture-in-picture\" loading=\"lazy\" src=\"https:\/\/open.spotify.com\/embed\/album\/7uvKw6JcQbhov1rSYkePXx?utm_source=oembed\"><\/iframe>\n<\/div><\/figure>\n\n\n\n<p><\/p>\n\n\n\n<figure class=\"wp-block-embed is-type-video is-provider-youtube wp-block-embed-youtube wp-embed-aspect-4-3 wp-has-aspect-ratio\"><div class=\"wp-block-embed__wrapper\">\n<iframe loading=\"lazy\" title=\"Fly Away\" width=\"525\" height=\"394\" src=\"https:\/\/www.youtube.com\/embed\/kgnuPl0-7Uc?feature=oembed\" frameborder=\"0\" allow=\"accelerometer; autoplay; clipboard-write; encrypted-media; gyroscope; picture-in-picture; web-share\" referrerpolicy=\"strict-origin-when-cross-origin\" allowfullscreen><\/iframe>\n<\/div><\/figure>\n\n\n\n<p><strong>Sunrise at Sydney <\/strong>-single<\/p>\n\n\n\n<figure class=\"wp-block-embed is-type-rich is-provider-spotify wp-block-embed-spotify wp-embed-aspect-9-16 wp-has-aspect-ratio wp-embed-aspect-21-9\"><div class=\"wp-block-embed__wrapper\">\n<iframe title=\"Spotify Embed: Sunrise at Sydney\" style=\"border-radius: 12px\" width=\"100%\" height=\"352\" frameborder=\"0\" allowfullscreen allow=\"autoplay; clipboard-write; encrypted-media; fullscreen; picture-in-picture\" loading=\"lazy\" src=\"https:\/\/open.spotify.com\/embed\/album\/0fsinqIPc2b14zdQFSEaCT?utm_source=oembed\"><\/iframe>\n<\/div><\/figure>\n\n\n\n<figure class=\"wp-block-embed is-type-video is-provider-youtube wp-block-embed-youtube wp-embed-aspect-4-3 wp-has-aspect-ratio\"><div class=\"wp-block-embed__wrapper\">\n<iframe loading=\"lazy\" title=\"Sunrise at Sydney\" width=\"525\" height=\"394\" src=\"https:\/\/www.youtube.com\/embed\/gXP2zWZAPWk?feature=oembed\" frameborder=\"0\" allow=\"accelerometer; autoplay; clipboard-write; encrypted-media; gyroscope; picture-in-picture; web-share\" referrerpolicy=\"strict-origin-when-cross-origin\" allowfullscreen><\/iframe>\n<\/div><\/figure>\n\n\n\n<p><strong>Black &#8216;n White<\/strong> -nuottikirja ja -CD<\/p>\n\n\n\n<figure class=\"wp-block-embed is-type-rich is-provider-spotify wp-block-embed-spotify wp-embed-aspect-9-16 wp-has-aspect-ratio wp-embed-aspect-21-9\"><div class=\"wp-block-embed__wrapper\">\n<iframe title=\"Spotify Embed: Black &amp;apos;n White\" style=\"border-radius: 12px\" width=\"100%\" height=\"352\" frameborder=\"0\" allowfullscreen allow=\"autoplay; clipboard-write; encrypted-media; fullscreen; picture-in-picture\" loading=\"lazy\" src=\"https:\/\/open.spotify.com\/embed\/album\/2CQcPX2gBuj5Cya6rxjce8?utm_source=oembed\"><\/iframe>\n<\/div><\/figure>\n\n\n\n<figure class=\"wp-block-embed is-type-video is-provider-youtube wp-block-embed-youtube wp-embed-aspect-4-3 wp-has-aspect-ratio\"><div class=\"wp-block-embed__wrapper\">\n<iframe loading=\"lazy\" title=\"Prelude\" width=\"525\" height=\"394\" src=\"https:\/\/www.youtube.com\/embed\/W3dPTm3G6_0?list=OLAK5uy_kVZuFAaRMztReaj2SwEOLb2tPeYdbA8T4\" frameborder=\"0\" allow=\"accelerometer; autoplay; clipboard-write; encrypted-media; gyroscope; picture-in-picture; web-share\" referrerpolicy=\"strict-origin-when-cross-origin\" allowfullscreen><\/iframe>\n<\/div><\/figure>\n\n\n\n<figure class=\"wp-block-image size-large\"><a href=\"https:\/\/open.spotify.com\/album\/2CQcPX2gBuj5Cya6rxjce8\"><img loading=\"lazy\" decoding=\"async\" width=\"1024\" height=\"1024\" src=\"http:\/\/greatfeelings.net\/wp-content\/uploads\/2020\/01\/IMG_6130-1024x1024.jpeg\" alt=\"\" class=\"wp-image-64\" srcset=\"https:\/\/greatfeelings.net\/wp-content\/uploads\/2020\/01\/IMG_6130-1024x1024.jpeg 1024w, https:\/\/greatfeelings.net\/wp-content\/uploads\/2020\/01\/IMG_6130-300x300.jpeg 300w, https:\/\/greatfeelings.net\/wp-content\/uploads\/2020\/01\/IMG_6130-150x150.jpeg 150w, https:\/\/greatfeelings.net\/wp-content\/uploads\/2020\/01\/IMG_6130-768x768.jpeg 768w, https:\/\/greatfeelings.net\/wp-content\/uploads\/2020\/01\/IMG_6130-1536x1536.jpeg 1536w, https:\/\/greatfeelings.net\/wp-content\/uploads\/2020\/01\/IMG_6130-2048x2048.jpeg 2048w, https:\/\/greatfeelings.net\/wp-content\/uploads\/2020\/01\/IMG_6130-100x100.jpeg 100w\" sizes=\"auto, (max-width: 767px) 89vw, (max-width: 1000px) 54vw, (max-width: 1071px) 543px, 580px\" \/><\/a><\/figure>\n\n\n\n<p><\/p>\n\n\n\n<p><strong>Wedding Album by Minna Rask<\/strong> -nuottikirja ja -CD<\/p>\n\n\n\n<figure class=\"wp-block-embed is-type-rich is-provider-spotify wp-block-embed-spotify wp-embed-aspect-9-16 wp-has-aspect-ratio wp-embed-aspect-21-9\"><div class=\"wp-block-embed__wrapper\">\n<iframe title=\"Spotify Embed: Wedding Album\" style=\"border-radius: 12px\" width=\"100%\" height=\"352\" frameborder=\"0\" allowfullscreen allow=\"autoplay; clipboard-write; encrypted-media; fullscreen; picture-in-picture\" loading=\"lazy\" src=\"https:\/\/open.spotify.com\/embed\/album\/4bqPSrErgEVH7RJcE1FKn4?utm_source=oembed\"><\/iframe>\n<\/div><\/figure>\n\n\n\n<figure class=\"wp-block-embed is-type-video is-provider-youtube wp-block-embed-youtube wp-embed-aspect-16-9 wp-has-aspect-ratio\"><div class=\"wp-block-embed__wrapper\">\n<iframe loading=\"lazy\" title=\"Sure lyrics video\" width=\"525\" height=\"295\" src=\"https:\/\/www.youtube.com\/embed\/XCvk7ANCVdM?list=PLIdZNxVvYrYz9WPZhPfXsuOWajb9LxbD5\" frameborder=\"0\" allow=\"accelerometer; autoplay; clipboard-write; encrypted-media; gyroscope; picture-in-picture; web-share\" referrerpolicy=\"strict-origin-when-cross-origin\" allowfullscreen><\/iframe>\n<\/div><\/figure>\n\n\n\n<figure class=\"wp-block-image size-large\"><img loading=\"lazy\" decoding=\"async\" width=\"1024\" height=\"1024\" src=\"http:\/\/greatfeelings.net\/wp-content\/uploads\/2020\/01\/IMG_6123-1024x1024.jpeg\" alt=\"\" class=\"wp-image-66\" srcset=\"https:\/\/greatfeelings.net\/wp-content\/uploads\/2020\/01\/IMG_6123-1024x1024.jpeg 1024w, https:\/\/greatfeelings.net\/wp-content\/uploads\/2020\/01\/IMG_6123-300x300.jpeg 300w, https:\/\/greatfeelings.net\/wp-content\/uploads\/2020\/01\/IMG_6123-150x150.jpeg 150w, https:\/\/greatfeelings.net\/wp-content\/uploads\/2020\/01\/IMG_6123-768x768.jpeg 768w, https:\/\/greatfeelings.net\/wp-content\/uploads\/2020\/01\/IMG_6123-1536x1536.jpeg 1536w, https:\/\/greatfeelings.net\/wp-content\/uploads\/2020\/01\/IMG_6123-2048x2048.jpeg 2048w, https:\/\/greatfeelings.net\/wp-content\/uploads\/2020\/01\/IMG_6123-100x100.jpeg 100w\" sizes=\"auto, (max-width: 767px) 89vw, (max-width: 1000px) 54vw, (max-width: 1071px) 543px, 580px\" \/><\/figure>\n\n\n\n<p><strong>H\u00e4\u00e4musiikkia<\/strong>-nuottikirja ja -CD. T\u00e4m\u00e4 levy ei ole kuultavissa suoratoistopalveluissa.<\/p>\n\n\n\n<figure class=\"wp-block-image size-large\"><img loading=\"lazy\" decoding=\"async\" width=\"1024\" height=\"1024\" src=\"http:\/\/greatfeelings.net\/wp-content\/uploads\/2020\/01\/IMG_6124-1024x1024.jpeg\" alt=\"\" class=\"wp-image-67\" srcset=\"https:\/\/greatfeelings.net\/wp-content\/uploads\/2020\/01\/IMG_6124-1024x1024.jpeg 1024w, https:\/\/greatfeelings.net\/wp-content\/uploads\/2020\/01\/IMG_6124-300x300.jpeg 300w, https:\/\/greatfeelings.net\/wp-content\/uploads\/2020\/01\/IMG_6124-150x150.jpeg 150w, https:\/\/greatfeelings.net\/wp-content\/uploads\/2020\/01\/IMG_6124-768x768.jpeg 768w, https:\/\/greatfeelings.net\/wp-content\/uploads\/2020\/01\/IMG_6124-1536x1536.jpeg 1536w, https:\/\/greatfeelings.net\/wp-content\/uploads\/2020\/01\/IMG_6124-2048x2048.jpeg 2048w, https:\/\/greatfeelings.net\/wp-content\/uploads\/2020\/01\/IMG_6124-100x100.jpeg 100w\" sizes=\"auto, (max-width: 767px) 89vw, (max-width: 1000px) 54vw, (max-width: 1071px) 543px, 580px\" \/><\/figure>\n\n\n\n<p><strong>Sin\u00e4 pid\u00e4t huolta -sekakuoronuotit<\/strong> (s\u00e4v. ja sov. Minna Rask, san. Satu Kreivi-Palosaari ja Minna Rask). N\u00e4m\u00e4 julkaisut ovat saatavilla vain nuottikirjoina.<\/p>\n\n\n\n<figure class=\"wp-block-image size-large\"><img loading=\"lazy\" decoding=\"async\" width=\"1024\" height=\"1024\" src=\"http:\/\/greatfeelings.net\/wp-content\/uploads\/2020\/01\/IMG_6131-1024x1024.jpeg\" alt=\"\" class=\"wp-image-69\" srcset=\"https:\/\/greatfeelings.net\/wp-content\/uploads\/2020\/01\/IMG_6131-1024x1024.jpeg 1024w, https:\/\/greatfeelings.net\/wp-content\/uploads\/2020\/01\/IMG_6131-300x300.jpeg 300w, https:\/\/greatfeelings.net\/wp-content\/uploads\/2020\/01\/IMG_6131-150x150.jpeg 150w, https:\/\/greatfeelings.net\/wp-content\/uploads\/2020\/01\/IMG_6131-768x768.jpeg 768w, https:\/\/greatfeelings.net\/wp-content\/uploads\/2020\/01\/IMG_6131-1536x1536.jpeg 1536w, https:\/\/greatfeelings.net\/wp-content\/uploads\/2020\/01\/IMG_6131-2048x2048.jpeg 2048w, https:\/\/greatfeelings.net\/wp-content\/uploads\/2020\/01\/IMG_6131-100x100.jpeg 100w\" sizes=\"auto, (max-width: 767px) 89vw, (max-width: 1000px) 54vw, (max-width: 1071px) 543px, 580px\" \/><\/figure>\n\n\n\n<figure class=\"wp-block-image size-large\"><img loading=\"lazy\" decoding=\"async\" width=\"1024\" height=\"1007\" src=\"http:\/\/greatfeelings.net\/wp-content\/uploads\/2020\/01\/IMG_6128-1024x1007.jpeg\" alt=\"\" class=\"wp-image-70\" srcset=\"https:\/\/greatfeelings.net\/wp-content\/uploads\/2020\/01\/IMG_6128-1024x1007.jpeg 1024w, https:\/\/greatfeelings.net\/wp-content\/uploads\/2020\/01\/IMG_6128-300x295.jpeg 300w, https:\/\/greatfeelings.net\/wp-content\/uploads\/2020\/01\/IMG_6128-768x755.jpeg 768w, https:\/\/greatfeelings.net\/wp-content\/uploads\/2020\/01\/IMG_6128-1536x1510.jpeg 1536w, https:\/\/greatfeelings.net\/wp-content\/uploads\/2020\/01\/IMG_6128-2048x2014.jpeg 2048w\" sizes=\"auto, (max-width: 767px) 89vw, (max-width: 1000px) 54vw, (max-width: 1071px) 543px, 580px\" \/><\/figure>\n\n\n\n<p><strong>Sin\u00e4 pid\u00e4t huolta -laulunuotit ja s\u00e4estykset<\/strong> (s\u00e4v. ja sov. Minna Rask, san. Satu Kreivi-Palosaari ja Minna Rask)<\/p>\n\n\n\n<figure class=\"wp-block-image size-large\"><img loading=\"lazy\" decoding=\"async\" width=\"1024\" height=\"1024\" src=\"http:\/\/greatfeelings.net\/wp-content\/uploads\/2020\/01\/IMG_6126-1024x1024.jpeg\" alt=\"\" class=\"wp-image-68\" srcset=\"https:\/\/greatfeelings.net\/wp-content\/uploads\/2020\/01\/IMG_6126-1024x1024.jpeg 1024w, https:\/\/greatfeelings.net\/wp-content\/uploads\/2020\/01\/IMG_6126-300x300.jpeg 300w, https:\/\/greatfeelings.net\/wp-content\/uploads\/2020\/01\/IMG_6126-150x150.jpeg 150w, https:\/\/greatfeelings.net\/wp-content\/uploads\/2020\/01\/IMG_6126-768x768.jpeg 768w, https:\/\/greatfeelings.net\/wp-content\/uploads\/2020\/01\/IMG_6126-1536x1536.jpeg 1536w, https:\/\/greatfeelings.net\/wp-content\/uploads\/2020\/01\/IMG_6126-2048x2048.jpeg 2048w, https:\/\/greatfeelings.net\/wp-content\/uploads\/2020\/01\/IMG_6126-100x100.jpeg 100w\" sizes=\"auto, (max-width: 767px) 89vw, (max-width: 1000px) 54vw, (max-width: 1071px) 543px, 580px\" \/><\/figure>\n\n\n\n<figure class=\"wp-block-image size-large\"><img loading=\"lazy\" decoding=\"async\" width=\"1024\" height=\"812\" src=\"http:\/\/greatfeelings.net\/wp-content\/uploads\/2020\/01\/IMG_6127-1024x812.jpeg\" alt=\"\" class=\"wp-image-71\" srcset=\"https:\/\/greatfeelings.net\/wp-content\/uploads\/2020\/01\/IMG_6127-1024x812.jpeg 1024w, https:\/\/greatfeelings.net\/wp-content\/uploads\/2020\/01\/IMG_6127-300x238.jpeg 300w, https:\/\/greatfeelings.net\/wp-content\/uploads\/2020\/01\/IMG_6127-768x609.jpeg 768w, https:\/\/greatfeelings.net\/wp-content\/uploads\/2020\/01\/IMG_6127-1536x1219.jpeg 1536w, https:\/\/greatfeelings.net\/wp-content\/uploads\/2020\/01\/IMG_6127-2048x1625.jpeg 2048w\" sizes=\"auto, (max-width: 767px) 89vw, (max-width: 1000px) 54vw, (max-width: 1071px) 543px, 580px\" \/><\/figure>\n","protected":false},"excerpt":{"rendered":"<p>Tuotteitamme on lainattavissa kirjastoista (mm. Helmet, Piki, Lastu) sek\u00e4 ostettavissa nettikirjakaupoista (mm. Suomalainen kirjakauppa, Ellibs). Soiva romaani TRIADI on Great Feelingsin julkaisema Suomen ensimm\u00e4inen soiva romaani, joka sis\u00e4lt\u00e4\u00e4 Anni M. Love:n 12 pop-biisi\u00e4, joiden ymp\u00e4rille muotoutuu polyamorinen rakkaustarina. Kirja sis\u00e4lt\u00e4\u00e4 linkit (e-kirja) \/ qr-koodit (painettu kirja) lauluihin siin\u00e4 kohtaa, kun ne kirjan edetess\u00e4 tulevat. Tutustu &hellip; <\/p>\n<p class=\"link-more\"><a href=\"https:\/\/greatfeelings.net\/index.php\/julkaisut\/\" class=\"more-link\">Continue reading<span class=\"screen-reader-text\"> &#8220;Julkaisut&#8221;<\/span><\/a><\/p>\n","protected":false},"author":1,"featured_media":0,"parent":0,"menu_order":0,"comment_status":"closed","ping_status":"open","template":"","meta":{"footnotes":""},"class_list":["post-63","page","type-page","status-publish","hentry"],"aioseo_notices":[],"_links":{"self":[{"href":"https:\/\/greatfeelings.net\/index.php\/wp-json\/wp\/v2\/pages\/63","targetHints":{"allow":["GET"]}}],"collection":[{"href":"https:\/\/greatfeelings.net\/index.php\/wp-json\/wp\/v2\/pages"}],"about":[{"href":"https:\/\/greatfeelings.net\/index.php\/wp-json\/wp\/v2\/types\/page"}],"author":[{"embeddable":true,"href":"https:\/\/greatfeelings.net\/index.php\/wp-json\/wp\/v2\/users\/1"}],"replies":[{"embeddable":true,"href":"https:\/\/greatfeelings.net\/index.php\/wp-json\/wp\/v2\/comments?post=63"}],"version-history":[{"count":17,"href":"https:\/\/greatfeelings.net\/index.php\/wp-json\/wp\/v2\/pages\/63\/revisions"}],"predecessor-version":[{"id":45893,"href":"https:\/\/greatfeelings.net\/index.php\/wp-json\/wp\/v2\/pages\/63\/revisions\/45893"}],"wp:attachment":[{"href":"https:\/\/greatfeelings.net\/index.php\/wp-json\/wp\/v2\/media?parent=63"}],"curies":[{"name":"wp","href":"https:\/\/api.w.org\/{rel}","templated":true}]}}